{"id":296,"date":"2011-05-29T18:57:54","date_gmt":"2011-05-29T18:57:54","guid":{"rendered":"http:\/\/www.otroespacio.org\/web\/?page_id=296"},"modified":"2013-10-13T17:49:10","modified_gmt":"2013-10-13T17:49:10","slug":"suscribete-newsletter","status":"publish","type":"page","link":"https:\/\/www.otroespacio.org\/web\/suscribete-newsletter","title":{"rendered":"Suscr\u00edbete a nuestro newsletter"},"content":{"rendered":"<p>Para mantenerte informado de toda la actividad de Otro Espacio \/ Sin Espacio,<br \/>\nm\u00e1ndanos un email a:<\/p>\n<p><strong><a href=\"mailto:info@otroespacio.org\"><span style=\"color: #cc6666;\">info@otroespacio.org<\/span><\/a><\/strong><\/p>\n<p>Y a\u00f1adiremos tu direcci\u00f3n de correo a nuestra lista de correo y newsletter.<br \/>\n\u00a1Gracias!<\/p>\n","protected":false},"excerpt":{"rendered":"<p>Para mantenerte informado de toda la actividad de Otro Espacio \/ Sin Espacio, m\u00e1ndanos un email a: info@otroespacio.org Y a\u00f1adiremos tu direcci\u00f3n de correo a nuestra lista de correo y newsletter. \u00a1Gracias!<\/p>\n","protected":false},"author":1,"featured_media":0,"parent":0,"menu_order":0,"comment_status":"closed","ping_status":"closed","template":"","meta":{"ngg_post_thumbnail":0,"footnotes":""},"class_list":["post-296","page","type-page","status-publish","hentry"],"_links":{"self":[{"href":"https:\/\/www.otroespacio.org\/web\/wp-json\/wp\/v2\/pages\/296","targetHints":{"allow":["GET"]}}],"collection":[{"href":"https:\/\/www.otroespacio.org\/web\/wp-json\/wp\/v2\/pages"}],"about":[{"href":"https:\/\/www.otroespacio.org\/web\/wp-json\/wp\/v2\/types\/page"}],"author":[{"embeddable":true,"href":"https:\/\/www.otroespacio.org\/web\/wp-json\/wp\/v2\/users\/1"}],"replies":[{"embeddable":true,"href":"https:\/\/www.otroespacio.org\/web\/wp-json\/wp\/v2\/comments?post=296"}],"version-history":[{"count":26,"href":"https:\/\/www.otroespacio.org\/web\/wp-json\/wp\/v2\/pages\/296\/revisions"}],"predecessor-version":[{"id":401,"href":"https:\/\/www.otroespacio.org\/web\/wp-json\/wp\/v2\/pages\/296\/revisions\/401"}],"wp:attachment":[{"href":"https:\/\/www.otroespacio.org\/web\/wp-json\/wp\/v2\/media?parent=296"}],"curies":[{"name":"wp","href":"https:\/\/api.w.org\/{rel}","templated":true}]}}