{"id":1145,"date":"2013-10-16T06:39:28","date_gmt":"2013-10-16T06:39:28","guid":{"rendered":"http:\/\/www.otroespacio.org\/web\/?page_id=1145"},"modified":"2015-09-08T18:19:24","modified_gmt":"2015-09-08T18:19:24","slug":"sin-espacio-3-mislata","status":"publish","type":"page","link":"https:\/\/www.otroespacio.org\/web\/sin-espacio-3-mislata","title":{"rendered":"Sin Espacio 3. Mislata"},"content":{"rendered":"<p><strong><span style=\"color: #cc6666;\">Otro Espacio<\/span><\/strong> presenta la tercera edici\u00f3n de <strong><span style=\"color: #cc6666;\">Sin Espacio<\/span><\/strong> que tendr\u00e1 lugar en el Centre Jove del\u00a0Mercat, Mislata, la tarde del 30 de noviembre y del 14 de diciembre.<\/p>\n<p>Dando continuidad al\u00a0proyecto Sin Espacio, concentraremos los contenidos de dos exposiciones, una en cada sesi\u00f3n, en\u00a0el tiempo de duraci\u00f3n de una pel\u00edcula o de un concierto, con merienda inclu\u00edda. En esta ocasi\u00f3n las\u00a0exposiciones que os proponemos son dos proyectos que se podr\u00e1n visitar, o que ya se han podido\u00a0visitar, en dos instituciones diferentes. El comisario de cada una de ellas junto con uno de los artistas que forman parte de la exposici\u00f3n, ser\u00e1n quienes vengan a cont\u00e1rnosla,\u00a0como si de una visita guiada se tratase, traslad\u00e1ndonos a ella mediante su relato.<\/p>\n<p style=\"text-align: right;\">__S\u00e1bado 30 de noviembre de 2013<\/p>\n<p style=\"text-align: left;\"><span style=\"color: #cc6666;\"><strong> <a href=\"http:\/\/www.otroespacio.org\/web\/no-tocar-por-favor.html\">No tocar, por favor<\/a><\/strong><\/span><\/p>\n<p>Contaremos con <span style=\"color: #cc6666;\">Jorge Luis Marzo<\/span>, comisario de la exposici\u00f3n, y\u00a0<span style=\"color: #cc6666;\">Mireia c. Saladrigues<\/span><\/p>\n<p>Info: <a href=\"http:\/\/www.artium.org\/Castellano\/Exposiciones\/Exposicion\/tabid\/176\/language\/es-ES\/Default.aspx?pidExposicion=244  blog: http:\/\/notocarporfavor.wordpress.com\" target=\"_blank\">No tocar por favor<\/a><br \/>\nBlog:\u00a0<strong>\u00a0<\/strong><a href=\"http:\/\/notocarporfavor.wordpress.com\/\" target=\"_blank\">http:\/\/notocarporfavor.<wbr \/>wordpress.com<\/a><\/p>\n<p style=\"text-align: right;\">__S\u00e1bado 14 de diciembre de 2013<\/p>\n<p style=\"text-align: left; line-height: 1.5em;\"><span style=\"color: #cc6666;\"><strong><span style=\"line-height: 19px;\"><a href=\"http:\/\/www.otroespacio.org\/web\/tratado-de-paz.html\" target=\"_blank\">Tratado de paz\/1813. Asedio, incendio y reconstrucci\u00f3n de Donostia\/San Sebasti\u00e1n\u00a0<\/a><\/span><\/strong><\/span><\/p>\n<p style=\"text-align: left; line-height: 1.5em;\"><span style=\"color: #006666; line-height: 19px;\">Contaremos con <\/span><span style=\"color: #cc6666;\">Pedro G. Romero<\/span><span style=\"color: #006666; line-height: 19px;\">, comisario de la exposici\u00f3n, y \u00a0<\/span><span style=\"color: #cc6666;\">Oier Etxeberria<span style=\"color: #006666;\"><br \/>\n<\/span><\/span><\/p>\n<p style=\"text-align: left;\">Info:\u00a0<a href=\"http:\/\/bakeituna.donostiasansebastian2016.eu\/es\" target=\"_blank\">http:\/\/bakeituna.<wbr \/>donostiasansebastian2016.eu\/es<\/a><\/p>\n<p>&nbsp;<\/p>\n<p><strong><span style=\"color: #cc6666;\">No tocar, por favor<\/span><\/strong><\/p>\n<p>La exposici\u00f3n \u201cNo tocar, por favor\u201d parte del minucioso registro de incidencias en las salas de\u00a0exposici\u00f3n de Artium, recogido por el personal del museo desde su creaci\u00f3n en 2002. Este registro\u00a0supone una ventana abierta para explorar los comportamientos y actitudes de los visitantes frente a\u00a0las obras de arte y frente a la propia instituci\u00f3n muse\u00edstica. No se trata de juzgar la calidad de esas\u00a0actitudes, sino de analizar la pluralidad de percepciones que el mundo del arte alienta y de observar\u00a0c\u00f3mo se manifiesta la complejidad social en un lugar tan reglamentado como el museo.Esas\u00a0incidencias revelan constantemente tensiones ante la autoridad y la disciplina; nos hablan de\u00a0sustracci\u00f3n de objetos e incluso de violencia sobre las obras; nos comentan la funci\u00f3n de los\u00a0vigilantes, de los gu\u00edas, del valor de los originales, o del propio p\u00fablico como objeto de exposici\u00f3n.<br \/>\nTodo ello abre caminos sugerentes que nos permiten a todos analizar la funci\u00f3n \u00faltima de los\u00a0museos y de los objetos que contienen.<\/p>\n<p>La exposici\u00f3n se realiz\u00f3 en Artium, Vitoria-Gasteiz, del 15 de mayo al 1 de septiembre de 2013.<\/p>\n<p>Artistas participantes: Guillermo Trujillano, Joan Fontcuberta, Mireia C. Saladrigues, Andr\u00e9s Hispano, F\u00e9lix P\u00e9rez-Hita, Oier Gil, Sandra Amutxastegi, Pau Figueres y Arturo \u201cfito\u201d Rodr\u00edguez.<\/p>\n<p><span style=\"color: #cc6666;\"><strong>Tratado de paz\/1813. Asedio, incendio y reconstrucci\u00f3n de Donostia\/San Sebasti\u00e1n<\/strong><\/span><\/p>\n<p>Tratado de Paz ocupa un lugar central en el proyecto San Sebasti\u00e1n Capital Europea de la Cultura\u00a02016. En el marco de nuestro lema Cultura para la Convivencia, las cuestiones relacionadas con la\u00a0paz, o su reverso, la guerra y las m\u00faltiples formas de violencia deben abordarse tambi\u00e9n desde la\u00a0potencia de las im\u00e1genes art\u00edsticas.<br \/>\nTratado de Paz aborda las formas de representaci\u00f3n de la violencia y de la paz en la historia\u00a0del arte, e incluir\u00e1, entre 2013 y el 2016, un programa de investigaci\u00f3n, varias exposiciones,\u00a0producciones espec\u00edficas, seminarios, laboratorios de creaci\u00f3n permanente y publicaciones.<br \/>\nEl primer cap\u00edtulo de Tratado de Paz se denomina \u00ab1813. Asedio, incendio y reconstrucci\u00f3n de San\u00a0Sebasti\u00e1n\u00bb. Mediante este proyecto el objetivo es conmemorar el bicentenario de la destrucci\u00f3n y\u00a0posterior reconstrucci\u00f3n de la ciudad de Donostia\/San Sebasti\u00e1n.<\/p>\n","protected":false},"excerpt":{"rendered":"<p>Otro Espacio presenta la tercera edici\u00f3n de Sin Espacio que tendr\u00e1 lugar en el Centre Jove del\u00a0Mercat, Mislata, la tarde del 30 de noviembre y del 14 de diciembre. Dando continuidad al\u00a0proyecto Sin Espacio, concentraremos los contenidos de dos exposiciones, una en cada sesi\u00f3n, en\u00a0el tiempo de duraci\u00f3n de una pel\u00edcula o de un concierto, [&hellip;]<\/p>\n","protected":false},"author":1,"featured_media":0,"parent":0,"menu_order":0,"comment_status":"closed","ping_status":"closed","template":"","meta":{"ngg_post_thumbnail":0,"footnotes":""},"class_list":["post-1145","page","type-page","status-publish","hentry"],"_links":{"self":[{"href":"https:\/\/www.otroespacio.org\/web\/wp-json\/wp\/v2\/pages\/1145","targetHints":{"allow":["GET"]}}],"collection":[{"href":"https:\/\/www.otroespacio.org\/web\/wp-json\/wp\/v2\/pages"}],"about":[{"href":"https:\/\/www.otroespacio.org\/web\/wp-json\/wp\/v2\/types\/page"}],"author":[{"embeddable":true,"href":"https:\/\/www.otroespacio.org\/web\/wp-json\/wp\/v2\/users\/1"}],"replies":[{"embeddable":true,"href":"https:\/\/www.otroespacio.org\/web\/wp-json\/wp\/v2\/comments?post=1145"}],"version-history":[{"count":28,"href":"https:\/\/www.otroespacio.org\/web\/wp-json\/wp\/v2\/pages\/1145\/revisions"}],"predecessor-version":[{"id":1353,"href":"https:\/\/www.otroespacio.org\/web\/wp-json\/wp\/v2\/pages\/1145\/revisions\/1353"}],"wp:attachment":[{"href":"https:\/\/www.otroespacio.org\/web\/wp-json\/wp\/v2\/media?parent=1145"}],"curies":[{"name":"wp","href":"https:\/\/api.w.org\/{rel}","templated":true}]}}